{"id":429,"date":"2019-07-15T12:17:59","date_gmt":"2019-07-15T12:17:59","guid":{"rendered":"http:\/\/www.toolkit-thefeedback.eu\/?page_id=429"},"modified":"2020-09-06T15:55:14","modified_gmt":"2020-09-06T15:55:14","slug":"your-experience","status":"publish","type":"page","link":"http:\/\/www.toolkit-thefeedback.eu\/it\/your-experience\/","title":{"rendered":"La tua esperienza"},"content":{"rendered":"\n<h2 class=\"wp-block-heading\">Condividi la tua esperienza!<\/h2>\n\n\n\n<div class=\"wp-block-columns has-2-columns is-layout-flex wp-container-core-columns-is-layout-9d6595d7 wp-block-columns-is-layout-flex\">\n<div class=\"wp-block-column is-layout-flow wp-block-column-is-layout-flow\">\n<h3 class=\"wp-block-heading\">La tua esperienza<\/h3>\n\n\n\n<p>Hai provato alcune delle attivit\u00e0 proposte nel toolkit? Regalaci 5 minuti per raccontarci la tua esperienza.<\/p>\n\n\n\n<div class=\"wp-block-button aligncenter\"><a target=\"_blank\" class=\"wp-block-button__link\" href=\"https:\/\/forms.gle\/kEdDBBDCwD4BZupL7\" rel=\"noopener noreferrer\">Condividi la tua esperienza<\/a><\/div>\n<\/div>\n\n\n\n<div class=\"wp-block-column is-layout-flow wp-block-column-is-layout-flow\">\n<h3 class=\"wp-block-heading\">Le tua attivit\u00e0<\/h3>\n\n\n\n<p> Hai progettato una nuova attivit\u00e0 di feedback basata sull&#8217;arte? Condividila con noi! Le tue idee sono preziose!<\/p>\n\n\n\n<div class=\"wp-block-button aligncenter\"><a target=\"_blank\" class=\"wp-block-button__link\" href=\"https:\/\/forms.gle\/ozVb3dCDQWaEtKfFA\" rel=\"noopener noreferrer\">Condividi la tua attivit\u00e0<\/a><\/div>\n<\/div>\n<\/div>\n\n\n\n<h2 class=\"wp-block-heading\">Risorse<\/h2>\n\n\n\n<p>Gli strumenti proposti di seguito (in inglese) posso aiutarti a progettare il processo di Feedback e le singole attivit\u00e0 da svolgere.<\/p>\n\n\n\n<div class=\"wp-block-columns has-2-columns is-layout-flex wp-container-core-columns-is-layout-9d6595d7 wp-block-columns-is-layout-flex\">\n<div class=\"wp-block-column is-layout-flow wp-block-column-is-layout-flow\">\n<h3 class=\"wp-block-heading\">Il processo di Feedback<\/h3>\n\n\n\n<p>Progetta i differenti step del processo: in una sequenza temporale, imposta le attivit\u00e0 che vuoi proporre ai partecipanti. Definisci il nome delle attivit\u00e0 e il loro scopo principale. Ricorda: puoi proporre una sola attivit\u00e0 oppure aggiungere tutte le attivit\u00e0 di cui hai bisogno!<\/p>\n\n\n\n<figure class=\"wp-block-image\"><a href=\"http:\/\/www.toolkit-thefeedback.eu\/wp-content\/uploads\/feedback_journey.pdf\" target=\"_blank\" rel=\"noreferrer noopener\"><img loading=\"lazy\" decoding=\"async\" width=\"547\" height=\"386\" src=\"http:\/\/www.toolkit-thefeedback.eu\/wp-content\/uploads\/feedback_journey_preview.jpg\" alt=\"\" class=\"wp-image-461\" srcset=\"http:\/\/www.toolkit-thefeedback.eu\/wp-content\/uploads\/feedback_journey_preview.jpg 547w, http:\/\/www.toolkit-thefeedback.eu\/wp-content\/uploads\/feedback_journey_preview-300x212.jpg 300w\" sizes=\"auto, (max-width: 547px) 100vw, 547px\" \/><\/a><\/figure>\n\n\n\n<div class=\"wp-block-button aligncenter\"><a target=\"_blank\" alt=\"Download the Feedback Journey printable PDF\" class=\"wp-block-button__link\" href=\"http:\/\/www.toolkit-thefeedback.eu\/wp-content\/uploads\/feedback_journey.pdf\" rel=\"noopener noreferrer\">Download<\/a><\/div>\n<\/div>\n\n\n\n<div class=\"wp-block-column is-layout-flow wp-block-column-is-layout-flow\">\n<h3 class=\"wp-block-heading\">L&#8217;attivit\u00e0 di Feedback <\/h3>\n\n\n\n<p>Progetta la tua attivit\u00e0. Definisci il nome e lo scopo dell&#8217;attivit\u00e0, gli attori coinvolti e come sono organizzati (gruppo\/coppie\/singoli), i materiali o strumenti utili e i passaggi che verranno utilizzati per eseguire l&#8217;attivit\u00e0. Aggiungi alcuni suggerimenti (se necessari)!<\/p>\n\n\n\n<figure class=\"wp-block-image\"><a href=\"http:\/\/www.toolkit-thefeedback.eu\/wp-content\/uploads\/art-based_feedback_activity_frame.pdf\" target=\"_blank\" rel=\"noreferrer noopener\"><img loading=\"lazy\" decoding=\"async\" width=\"547\" height=\"376\" src=\"http:\/\/www.toolkit-thefeedback.eu\/wp-content\/uploads\/art_based_feddback_activity_frame_preview.jpg\" alt=\"\" class=\"wp-image-467\" srcset=\"http:\/\/www.toolkit-thefeedback.eu\/wp-content\/uploads\/art_based_feddback_activity_frame_preview.jpg 547w, http:\/\/www.toolkit-thefeedback.eu\/wp-content\/uploads\/art_based_feddback_activity_frame_preview-300x206.jpg 300w\" sizes=\"auto, (max-width: 547px) 100vw, 547px\" \/><\/a><\/figure>\n\n\n\n<div class=\"wp-block-button aligncenter\"><a class=\"wp-block-button__link\" target=\"_blank\" alt=\"Download the Feedback Activity Frame printable PDF\" href=\"http:\/\/www.toolkit-thefeedback.eu\/wp-content\/uploads\/art-based_feedback_activity_frame.pdf\" rel=\"noopener noreferrer\">Download<\/a><\/div>\n<\/div>\n<\/div>\n\n\n\n<p><\/p>\n\n\n\n<h3 class=\"wp-block-heading\">Le carte del Feedback<\/h3>\n\n\n\n<p>Sperimenta le attivit\u00e0 di Feedback con la tua classe! Scarica la versione stampabile delle attivit\u00e0 presenti nel Toolkit e utilizzale con i tuoi colleghi e i tuoi studenti.<\/p>\n\n\n\n<figure class=\"wp-block-image size-large\"><img loading=\"lazy\" decoding=\"async\" width=\"1920\" height=\"629\" src=\"http:\/\/www.toolkit-thefeedback.eu\/wp-content\/uploads\/intro-cards-21-1920x629.jpg\" alt=\"\" class=\"wp-image-598\" srcset=\"http:\/\/www.toolkit-thefeedback.eu\/wp-content\/uploads\/intro-cards-21-1920x629.jpg 1920w, http:\/\/www.toolkit-thefeedback.eu\/wp-content\/uploads\/intro-cards-21-768x251.jpg 768w, http:\/\/www.toolkit-thefeedback.eu\/wp-content\/uploads\/intro-cards-21-1536x503.jpg 1536w, http:\/\/www.toolkit-thefeedback.eu\/wp-content\/uploads\/intro-cards-21-2048x671.jpg 2048w, http:\/\/www.toolkit-thefeedback.eu\/wp-content\/uploads\/intro-cards-21-300x98.jpg 300w, http:\/\/www.toolkit-thefeedback.eu\/wp-content\/uploads\/intro-cards-21-850x278.jpg 850w\" sizes=\"auto, (max-width: 1920px) 100vw, 1920px\" \/><\/figure>\n\n\n\n<div class=\"wp-block-button aligncenter\"><a target=\"_blank\" alt=\"Download the Feedback Journey printable PDF\" class=\"wp-block-button__link\" href=\"http:\/\/www.toolkit-thefeedback.eu\/wp-content\/uploads\/Carte-del-Feedback-1.pdf\" rel=\"noopener noreferrer\">Download<\/a><\/div>\n","protected":false},"excerpt":{"rendered":"<p>Condividi la tua esperienza! La tua esperienza Hai provato alcune delle attivit\u00e0 proposte nel toolkit? Regalaci 5 minuti per raccontarci la tua esperienza. Condividi la tua esperienza Le tua attivit\u00e0 Hai progettato una nuova attivit\u00e0 di feedback basata sull&#8217;arte? Condividila con noi! Le tue idee sono preziose! Condividi la tua attivit\u00e0 Risorse Gli strumenti proposti&#8230;<\/p>\n","protected":false},"author":3,"featured_media":0,"parent":0,"menu_order":0,"comment_status":"closed","ping_status":"closed","template":"","meta":{"footnotes":""},"class_list":["post-429","page","type-page","status-publish","hentry"],"translation":{"provider":"WPGlobus","version":"3.0.2","language":"it","enabled_languages":["en","it","sl","pt"],"languages":{"en":{"title":true,"content":true,"excerpt":false},"it":{"title":true,"content":true,"excerpt":false},"sl":{"title":true,"content":true,"excerpt":false},"pt":{"title":true,"content":true,"excerpt":false}}},"_links":{"self":[{"href":"http:\/\/www.toolkit-thefeedback.eu\/it\/wp-json\/wp\/v2\/pages\/429","targetHints":{"allow":["GET"]}}],"collection":[{"href":"http:\/\/www.toolkit-thefeedback.eu\/it\/wp-json\/wp\/v2\/pages"}],"about":[{"href":"http:\/\/www.toolkit-thefeedback.eu\/it\/wp-json\/wp\/v2\/types\/page"}],"author":[{"embeddable":true,"href":"http:\/\/www.toolkit-thefeedback.eu\/it\/wp-json\/wp\/v2\/users\/3"}],"replies":[{"embeddable":true,"href":"http:\/\/www.toolkit-thefeedback.eu\/it\/wp-json\/wp\/v2\/comments?post=429"}],"version-history":[{"count":60,"href":"http:\/\/www.toolkit-thefeedback.eu\/it\/wp-json\/wp\/v2\/pages\/429\/revisions"}],"predecessor-version":[{"id":795,"href":"http:\/\/www.toolkit-thefeedback.eu\/it\/wp-json\/wp\/v2\/pages\/429\/revisions\/795"}],"wp:attachment":[{"href":"http:\/\/www.toolkit-thefeedback.eu\/it\/wp-json\/wp\/v2\/media?parent=429"}],"curies":[{"name":"wp","href":"https:\/\/api.w.org\/{rel}","templated":true}]}}