{"id":429,"date":"2019-07-15T12:17:59","date_gmt":"2019-07-15T12:17:59","guid":{"rendered":"http:\/\/www.toolkit-thefeedback.eu\/?page_id=429"},"modified":"2020-09-06T15:55:14","modified_gmt":"2020-09-06T15:55:14","slug":"your-experience","status":"publish","type":"page","link":"http:\/\/www.toolkit-thefeedback.eu\/pt\/your-experience\/","title":{"rendered":"A vossa experi\u00eancia"},"content":{"rendered":"\n<h2 class=\"wp-block-heading\">Partilhem a vossa experi\u00eancia!<\/h2>\n\n\n\n<div class=\"wp-block-columns has-2-columns is-layout-flex wp-container-core-columns-is-layout-9d6595d7 wp-block-columns-is-layout-flex\">\n<div class=\"wp-block-column is-layout-flow wp-block-column-is-layout-flow\">\n<h3 class=\"wp-block-heading\">Sobre a tua experi\u00eancia<\/h3>\n\n\n\n<p>Experimentaram algumas das atividades de feedback desta toolkit? Contem-nos mais sobre a vossa experi\u00eancia. S\u00e3o apenas 5 minutos!<\/p>\n\n\n\n<div class=\"wp-block-button aligncenter\"><a target=\"_blank\" class=\"wp-block-button__link\" href=\"https:\/\/forms.gle\/kEdDBBDCwD4BZupL7\" rel=\"noopener noreferrer\">Partilha a tua experi\u00eancia<\/a><\/div>\n<\/div>\n\n\n\n<div class=\"wp-block-column is-layout-flow wp-block-column-is-layout-flow\">\n<h3 class=\"wp-block-heading\">Sobre a tua atividade<\/h3>\n\n\n\n<p> Desenhaste a tua pr\u00f3pria atividade de feedback baseada nas artes? Por favor, partilha-a connosco! As tuas ideias s\u00e3o preciosas!<\/p>\n\n\n\n<div class=\"wp-block-button aligncenter\"><a target=\"_blank\" class=\"wp-block-button__link\" href=\"https:\/\/forms.gle\/ozVb3dCDQWaEtKfFA\" rel=\"noopener noreferrer\">Partilha a tua atividade<\/a><\/div>\n<\/div>\n<\/div>\n\n\n\n<h2 class=\"wp-block-heading\">Recursos<\/h2>\n\n\n\n<p>Descarrega as ferramentas para desenhar as tuas atividades de feedback.<\/p>\n\n\n\n<div class=\"wp-block-columns has-2-columns is-layout-flex wp-container-core-columns-is-layout-9d6595d7 wp-block-columns-is-layout-flex\">\n<div class=\"wp-block-column is-layout-flow wp-block-column-is-layout-flow\">\n<h3 class=\"wp-block-heading\">Jornada de Feedback<\/h3>\n\n\n\n<p>Numa timeline, estabelece as atividades. Define o nome da atividade e o seu objetivo principal. Podes adicionar quantas atividades quiseres.<\/p>\n\n\n\n<figure class=\"wp-block-image\"><a href=\"http:\/\/www.toolkit-thefeedback.eu\/wp-content\/uploads\/feedback_journey.pdf\" target=\"_blank\" rel=\"noreferrer noopener\"><img loading=\"lazy\" decoding=\"async\" width=\"547\" height=\"386\" src=\"http:\/\/www.toolkit-thefeedback.eu\/wp-content\/uploads\/feedback_journey_preview.jpg\" alt=\"\" class=\"wp-image-461\" srcset=\"http:\/\/www.toolkit-thefeedback.eu\/wp-content\/uploads\/feedback_journey_preview.jpg 547w, http:\/\/www.toolkit-thefeedback.eu\/wp-content\/uploads\/feedback_journey_preview-300x212.jpg 300w\" sizes=\"auto, (max-width: 547px) 100vw, 547px\" \/><\/a><\/figure>\n\n\n\n<div class=\"wp-block-button aligncenter\"><a target=\"_blank\" alt=\"Download the Feedback Journey printable PDF\" class=\"wp-block-button__link\" href=\"http:\/\/www.toolkit-thefeedback.eu\/wp-content\/uploads\/feedback_journey.pdf\" rel=\"noopener noreferrer\">Download<\/a><\/div>\n<\/div>\n\n\n\n<div class=\"wp-block-column is-layout-flow wp-block-column-is-layout-flow\">\n<h3 class=\"wp-block-heading\">Atividade de Feedback <\/h3>\n\n\n\n<p>Desenha a tua propria atividade. Define o Nome e o Objetivo da atividade, os Atores envolvidos e o Tamanho do Grupo, a Ferramenta e os Passos que vais usar para operacionalizar a atividade. Adiciona algumas sugest\u00f5es se necess\u00e1rio!<\/p>\n\n\n\n<figure class=\"wp-block-image\"><a href=\"http:\/\/www.toolkit-thefeedback.eu\/wp-content\/uploads\/art-based_feedback_activity_frame.pdf\" target=\"_blank\" rel=\"noreferrer noopener\"><img loading=\"lazy\" decoding=\"async\" width=\"547\" height=\"376\" src=\"http:\/\/www.toolkit-thefeedback.eu\/wp-content\/uploads\/art_based_feddback_activity_frame_preview.jpg\" alt=\"\" class=\"wp-image-467\" srcset=\"http:\/\/www.toolkit-thefeedback.eu\/wp-content\/uploads\/art_based_feddback_activity_frame_preview.jpg 547w, http:\/\/www.toolkit-thefeedback.eu\/wp-content\/uploads\/art_based_feddback_activity_frame_preview-300x206.jpg 300w\" sizes=\"auto, (max-width: 547px) 100vw, 547px\" \/><\/a><\/figure>\n\n\n\n<div class=\"wp-block-button aligncenter\"><a class=\"wp-block-button__link\" target=\"_blank\" alt=\"Download the Feedback Activity Frame printable PDF\" href=\"http:\/\/www.toolkit-thefeedback.eu\/wp-content\/uploads\/art-based_feedback_activity_frame.pdf\" rel=\"noopener noreferrer\">Download<\/a><\/div>\n<\/div>\n<\/div>\n\n\n\n<p><\/p>\n\n\n\n<h3 class=\"wp-block-heading\"><strong>Cart\u00f5es de Feedback&nbsp;<\/strong><\/h3>\n\n\n\n<p>Experimenta as atividades de Feedback na tua turma\/grupo! Descarrega a vers\u00e3o para impress\u00e3o da Toolkit e usa-a com os teus aprendentes\/colegas.<\/p>\n\n\n\n<figure class=\"wp-block-image size-large\"><img loading=\"lazy\" decoding=\"async\" width=\"1920\" height=\"629\" src=\"http:\/\/www.toolkit-thefeedback.eu\/wp-content\/uploads\/intro-cards-21-1920x629.jpg\" alt=\"\" class=\"wp-image-598\" srcset=\"http:\/\/www.toolkit-thefeedback.eu\/wp-content\/uploads\/intro-cards-21-1920x629.jpg 1920w, http:\/\/www.toolkit-thefeedback.eu\/wp-content\/uploads\/intro-cards-21-768x251.jpg 768w, http:\/\/www.toolkit-thefeedback.eu\/wp-content\/uploads\/intro-cards-21-1536x503.jpg 1536w, http:\/\/www.toolkit-thefeedback.eu\/wp-content\/uploads\/intro-cards-21-2048x671.jpg 2048w, http:\/\/www.toolkit-thefeedback.eu\/wp-content\/uploads\/intro-cards-21-300x98.jpg 300w, http:\/\/www.toolkit-thefeedback.eu\/wp-content\/uploads\/intro-cards-21-850x278.jpg 850w\" sizes=\"auto, (max-width: 1920px) 100vw, 1920px\" \/><\/figure>\n\n\n\n<div class=\"wp-block-button aligncenter\"><a target=\"_blank\" alt=\"Download the Feedback Journey printable PDF\" class=\"wp-block-button__link\" href=\"http:\/\/www.toolkit-thefeedback.eu\/wp-content\/uploads\/Carte-del-Feedback-1.pdf\" rel=\"noopener noreferrer\">Download<\/a><\/div>\n","protected":false},"excerpt":{"rendered":"<p>Partilhem a vossa experi\u00eancia! Sobre a tua experi\u00eancia Experimentaram algumas das atividades de feedback desta toolkit? Contem-nos mais sobre a vossa experi\u00eancia. S\u00e3o apenas 5 minutos! Partilha a tua experi\u00eancia Sobre a tua atividade Desenhaste a tua pr\u00f3pria atividade de feedback baseada nas artes? Por favor, partilha-a connosco! As tuas ideias s\u00e3o preciosas! Partilha a&#8230;<\/p>\n","protected":false},"author":3,"featured_media":0,"parent":0,"menu_order":0,"comment_status":"closed","ping_status":"closed","template":"","meta":{"footnotes":""},"class_list":["post-429","page","type-page","status-publish","hentry"],"translation":{"provider":"WPGlobus","version":"3.0.2","language":"pt","enabled_languages":["en","it","sl","pt"],"languages":{"en":{"title":true,"content":true,"excerpt":false},"it":{"title":true,"content":true,"excerpt":false},"sl":{"title":true,"content":true,"excerpt":false},"pt":{"title":true,"content":true,"excerpt":false}}},"_links":{"self":[{"href":"http:\/\/www.toolkit-thefeedback.eu\/pt\/wp-json\/wp\/v2\/pages\/429","targetHints":{"allow":["GET"]}}],"collection":[{"href":"http:\/\/www.toolkit-thefeedback.eu\/pt\/wp-json\/wp\/v2\/pages"}],"about":[{"href":"http:\/\/www.toolkit-thefeedback.eu\/pt\/wp-json\/wp\/v2\/types\/page"}],"author":[{"embeddable":true,"href":"http:\/\/www.toolkit-thefeedback.eu\/pt\/wp-json\/wp\/v2\/users\/3"}],"replies":[{"embeddable":true,"href":"http:\/\/www.toolkit-thefeedback.eu\/pt\/wp-json\/wp\/v2\/comments?post=429"}],"version-history":[{"count":60,"href":"http:\/\/www.toolkit-thefeedback.eu\/pt\/wp-json\/wp\/v2\/pages\/429\/revisions"}],"predecessor-version":[{"id":795,"href":"http:\/\/www.toolkit-thefeedback.eu\/pt\/wp-json\/wp\/v2\/pages\/429\/revisions\/795"}],"wp:attachment":[{"href":"http:\/\/www.toolkit-thefeedback.eu\/pt\/wp-json\/wp\/v2\/media?parent=429"}],"curies":[{"name":"wp","href":"https:\/\/api.w.org\/{rel}","templated":true}]}}