{"id":197,"date":"2019-03-05T14:26:11","date_gmt":"2019-03-05T14:26:11","guid":{"rendered":"http:\/\/www.toolkit-thefeedback.eu\/?page_id=197"},"modified":"2020-09-06T15:59:05","modified_gmt":"2020-09-06T15:59:05","slug":"about","status":"publish","type":"page","link":"http:\/\/www.toolkit-thefeedback.eu\/sl\/about\/","title":{"rendered":"About"},"content":{"rendered":"\n<h2 class=\"wp-block-heading\"><strong>Dobrodo\u0161li v Digitalnem orodju projekta Feedback!<\/strong><\/h2>\n\n\n\n<p>To je\norodje za podporo razvoju najbolj\u0161ih praks in bolj\u0161e rezultate u\u010dnih programov,\nki bodo vklju\u010devali prakso povratne informacije z uporabo pristopov, osnovanih\nna umetnosti, z namenom izbolj\u0161anja u\u010denja in negovanja bolj u\u010dinkovitih\nu\u010dencev. <\/p>\n\n\n\n<p>Orodje je del mednarodnega projekta FEEDBACK, ki ga v okviru Erasmus+ programa podpira Evropska Komisija. <a href=\"http:\/\/www.thefeedbackproject.eu\/\">Projekt FEEDBACK <\/a>stremi k ustvarjanju temeljev jasnej\u0161ih modelov povratne informacije z namenom izbolj\u0161anja u\u010denja, s tem pa spodbuja oblikovanje novih u\u010dnih programov. \u00a0<\/p>\n\n\n\n<h2 class=\"wp-block-heading\">Feedback | <strong>Umetnost<\/strong><\/h2>\n\n\n\n<p>Za uporabo nasvetov Digitalnega orodja je klju\u010dno, da se spoznate z nekaj pomembnimi koncepti in smernicami.<\/p>\n\n\n\n<div class=\"wp-block-button\"><a class=\"wp-block-button__link\" href=\"http:\/\/www.thefeedbackproject.eu\/uploads\/2\/0\/8\/6\/20866568\/relato\u0301rio_slo.pdf\">Celoten dokument<\/a><\/div>\n\n\n\n<div style=\"height:20px\" aria-hidden=\"true\" class=\"wp-block-spacer\"><\/div>\n\n\n\n<div class=\"wp-block-columns has-2-columns quotes-wrapper is-layout-flex wp-container-core-columns-is-layout-9d6595d7 wp-block-columns-is-layout-flex\">\n<div class=\"wp-block-column is-layout-flow wp-block-column-is-layout-flow\">\n<h3 class=\"wp-block-heading\"><strong>Kaj je povratna informacija?<\/strong><\/h3>\n\n\n\n<blockquote class=\"wp-block-quote is-layout-flow wp-block-quote-is-layout-flow\"><p>Povratna informacija je dar. Energija, ki nas spodbuja. Vodi do procesa transformacije, ki ga u\u010denje na podlagi umetnosti lahko omogo\u010di z olaj\u0161anjem trenutkov razmi\u0161ljanja in posledi\u010dno samoocenjevanjem, ki lahko posameznikom pomaga, da se izbolj\u0161ajo, spremenijo in razvijejo.<\/p><\/blockquote>\n<\/div>\n\n\n\n<div class=\"wp-block-column is-layout-flow wp-block-column-is-layout-flow\">\n<h3 class=\"wp-block-heading\"><strong>Kaj je u\u010denje na podlagi umetnosti?<\/strong><\/h3>\n\n\n\n<blockquote class=\"wp-block-quote is-layout-flow wp-block-quote-is-layout-flow\"><p>Cilj u\u010denja na podlagi umetnosti ni pou\u010devanje ljudi v umetnike, temve\u010d s tem ustvarimo intenzivno, poglobljeno u\u010denje skozi umetni\u0161ke procese, ki olaj\u0161ajo nova spoznanja in perspektive.<\/p><cite>Nissley, 2010<\/cite><\/blockquote>\n<\/div>\n<\/div>\n\n\n\n<h2 class=\"wp-block-heading\"><strong>Okvir za umetni\u0161ki pristop k u\u010denju<\/strong><\/h2>\n\n\n\n<p>Digitalno orodje je oblikovano glede na Umetni\u0161ki okvir, zasnovan in oblikovan s strani FEEDBACK Projektnih partnerjev. Ta okvir povezuje tri korake Povratne informacije, s tremi stopnjami umetni\u0161ko podprtih pobud: trajnost; navdih in preobrazba.<\/p>\n\n\n\n<div class=\"wp-block-columns has-4-columns gutter-small blocks-wrapper is-layout-flex wp-container-core-columns-is-layout-9d6595d7 wp-block-columns-is-layout-flex\">\n<div class=\"wp-block-column is-layout-flow wp-block-column-is-layout-flow\">\n<figure class=\"wp-block-image\"><img loading=\"lazy\" decoding=\"async\" width=\"408\" height=\"478\" src=\"http:\/\/www.toolkit-thefeedback.eu\/wp-content\/uploads\/scheme.png\" alt=\"Feedback process has 3 steps linked to 3 activity typologies.\" class=\"wp-image-296\" srcset=\"http:\/\/www.toolkit-thefeedback.eu\/wp-content\/uploads\/scheme.png 408w, http:\/\/www.toolkit-thefeedback.eu\/wp-content\/uploads\/scheme-300x351.png 300w\" sizes=\"auto, (max-width: 408px) 100vw, 408px\" \/><\/figure>\n<\/div>\n\n\n\n<div class=\"wp-block-column fancy-border is-layout-flow wp-block-column-is-layout-flow\">\n<h3 class=\"wp-block-heading\">Korak 1 Dostava povratnih informacij  <\/h3>\n\n\n\n<p> Povezano s specifi\u010dnimi cilji ter primernosti glede na vsebino\/prejemnike <\/p>\n\n\n\n<div class=\"wp-block-image\"><figure class=\"aligncenter\"><img loading=\"lazy\" decoding=\"async\" width=\"19\" height=\"34\" src=\"http:\/\/www.toolkit-thefeedback.eu\/wp-content\/uploads\/arrow.png\" alt=\"\" class=\"wp-image-311\"\/><\/figure><\/div>\n\n\n\n<h3 class=\"wp-block-heading\"><strong>Pobude za trajnost na umetni\u0161kih temeljih<\/strong><\/h3>\n<\/div>\n\n\n\n<div class=\"wp-block-column fancy-border is-layout-flow wp-block-column-is-layout-flow\">\n<h3 class=\"wp-block-heading\">Korak 2 Refleksija  <\/h3>\n\n\n\n<p>Prejemniki so pripravljeni za sprejem povratne informacije ter o njej razmi\u0161ljajo <\/p>\n\n\n\n<div class=\"wp-block-image\"><figure class=\"aligncenter\"><img loading=\"lazy\" decoding=\"async\" width=\"19\" height=\"34\" src=\"http:\/\/www.toolkit-thefeedback.eu\/wp-content\/uploads\/arrow.png\" alt=\"\" class=\"wp-image-311\"\/><\/figure><\/div>\n\n\n\n<h3 class=\"wp-block-heading\"><strong>Pobude za navdih na umetni\u0161kih temeljih<\/strong><\/h3>\n<\/div>\n\n\n\n<div class=\"wp-block-column fancy-border is-layout-flow wp-block-column-is-layout-flow\">\n<h3 class=\"wp-block-heading\"> Korak 3 Preusmeritev <\/h3>\n\n\n\n<p>Prejemniki ukrepajo, da izbolj\u0161ajo svoje delo in u\u010denje v prihodnosti  <\/p>\n\n\n\n<div class=\"wp-block-image\"><figure class=\"aligncenter\"><img loading=\"lazy\" decoding=\"async\" width=\"19\" height=\"34\" src=\"http:\/\/www.toolkit-thefeedback.eu\/wp-content\/uploads\/arrow.png\" alt=\"\" class=\"wp-image-311\"\/><\/figure><\/div>\n\n\n\n<h3 class=\"wp-block-heading\"><strong>Pobude za preobrazbo na umetni\u0161kih temeljih<\/strong><\/h3>\n<\/div>\n<\/div>\n\n\n\n<h3 class=\"wp-block-heading\"><strong>PoU za trajnost<\/strong><\/h3>\n\n\n\n<p>Pobude, ki temeljijo na umetnosti (PoU), predvidevajo trajnostni u\u010dinek in koristi na ravni posameznika in skupine, vendar je treba to obravnavati kot stalen projekt. Ni mi\u0161ljeno, da u\u010denci ustvarjajo umetni\u0161ka dela, ampak da uporaba \u017ee obstoje\u010dega umetni\u0161kega dela (filmi, pesmi, slike &#8211; izdelki in procesi) pospe\u0161i motivacijo za razmislek in preusmeritev. Tako je mogo\u010de glede na specifi\u010dne cilje u\u010denja in u\u010dencev na\u010drtovati umetni\u0161ke pobude glede na \u010das, intenzivnost in naravo, ki bodo u\u010dence neposredno usmerili na u\u010dno pot. <\/p>\n\n\n\n<h3 class=\"wp-block-heading\"><strong>PoU za navdih<\/strong><\/h3>\n\n\n\n<p>Pobude, ki temeljijo na umetnosti, u\u010dencem omogo\u010dijo \u010das in prostor, da se odmaknejo od akcije ter jim zagotovi navdihujo\u010de vire, s pomo\u010djo katerih lahko razmi\u0161ljajo o povratnih informacijah in prepoznajo, kaj se morajo nau\u010diti, izbolj\u0161ati in preusmeriti. Pobude, ki temeljijo na umetnosti, delujejo kot spro\u017eilec in izzovejo ljudi, da podvomijo v njihov na\u010din delovanja.<\/p>\n\n\n\n<h3 class=\"wp-block-heading\"><strong>PoU za preobrazbo<\/strong><\/h3>\n\n\n\n<p>Spremembe lahko razumemo kot mote\u010d trenutek za rast in znanje, obna\u0161anje in\/ali odnos. Ko razumejo, kaj lahko nadgradijo (Korak 2), lahko u\u010denci z darom povratne informacije spremenijo sami sebe, u\u010denje, strokovno prakso, idr.. Pobude, ki temeljijo na umetnosti, u\u010dence spodbujajo pri hitrej\u0161em sprejemanju odlo\u010ditev glede mo\u017enih slede\u010dih korakov; videnje stvari na druga\u010dne na\u010dine, omogo\u010di mo\u017enosti poti, da se preusmerimo na za\u010detne u\u010dne cilje ter se pomaknemo proti delu in u\u010denju prihodnosti. \u00a0\u00a0<\/p>\n\n\n\n<h2 class=\"wp-block-heading\"><strong>Na\u0161i cilji<\/strong><\/h2>\n\n\n\n<p>S tem orodjem se ne pretvarjamo, da predstavlja \u010darobno tabletko, ki bo spremenila u\u010ditelje in u\u010dencev strokovnjake povratne informacije, temve\u010d si prizadevamo podati navdih in vire, ki jim pomagajo pri razumevanju in odkrivanju prakse povratnih informacij za izbolj\u0161anje u\u010dnih izku\u0161enj, pri \u010demer spodbujamo tako u\u010ditelje in u\u010dence v u\u010dni izku\u0161nji ter rasti kot svetovni dr\u017eavljani. <\/p>\n\n\n\n<p>Izkoristimo ga\u2026 in u\u017eivajmo v u\u010dnem procesu!<\/p>\n","protected":false},"excerpt":{"rendered":"<p>Dobrodo\u0161li v Digitalnem orodju projekta Feedback! To je orodje za podporo razvoju najbolj\u0161ih praks in bolj\u0161e rezultate u\u010dnih programov, ki bodo vklju\u010devali prakso povratne informacije z uporabo pristopov, osnovanih na umetnosti, z namenom izbolj\u0161anja u\u010denja in negovanja bolj u\u010dinkovitih u\u010dencev. Orodje je del mednarodnega projekta FEEDBACK, ki ga v okviru Erasmus+ programa podpira Evropska Komisija&#8230;.<\/p>\n","protected":false},"author":3,"featured_media":341,"parent":0,"menu_order":0,"comment_status":"closed","ping_status":"closed","template":"","meta":{"footnotes":""},"class_list":["post-197","page","type-page","status-publish","has-post-thumbnail","hentry"],"translation":{"provider":"WPGlobus","version":"3.0.2","language":"sl","enabled_languages":["en","it","sl","pt"],"languages":{"en":{"title":true,"content":true,"excerpt":false},"it":{"title":true,"content":true,"excerpt":false},"sl":{"title":true,"content":true,"excerpt":false},"pt":{"title":true,"content":true,"excerpt":false}}},"_links":{"self":[{"href":"http:\/\/www.toolkit-thefeedback.eu\/sl\/wp-json\/wp\/v2\/pages\/197","targetHints":{"allow":["GET"]}}],"collection":[{"href":"http:\/\/www.toolkit-thefeedback.eu\/sl\/wp-json\/wp\/v2\/pages"}],"about":[{"href":"http:\/\/www.toolkit-thefeedback.eu\/sl\/wp-json\/wp\/v2\/types\/page"}],"author":[{"embeddable":true,"href":"http:\/\/www.toolkit-thefeedback.eu\/sl\/wp-json\/wp\/v2\/users\/3"}],"replies":[{"embeddable":true,"href":"http:\/\/www.toolkit-thefeedback.eu\/sl\/wp-json\/wp\/v2\/comments?post=197"}],"version-history":[{"count":85,"href":"http:\/\/www.toolkit-thefeedback.eu\/sl\/wp-json\/wp\/v2\/pages\/197\/revisions"}],"predecessor-version":[{"id":797,"href":"http:\/\/www.toolkit-thefeedback.eu\/sl\/wp-json\/wp\/v2\/pages\/197\/revisions\/797"}],"wp:featuredmedia":[{"embeddable":true,"href":"http:\/\/www.toolkit-thefeedback.eu\/sl\/wp-json\/wp\/v2\/media\/341"}],"wp:attachment":[{"href":"http:\/\/www.toolkit-thefeedback.eu\/sl\/wp-json\/wp\/v2\/media?parent=197"}],"curies":[{"name":"wp","href":"https:\/\/api.w.org\/{rel}","templated":true}]}}