{"id":429,"date":"2019-07-15T12:17:59","date_gmt":"2019-07-15T12:17:59","guid":{"rendered":"http:\/\/www.toolkit-thefeedback.eu\/?page_id=429"},"modified":"2020-09-06T15:55:14","modified_gmt":"2020-09-06T15:55:14","slug":"your-experience","status":"publish","type":"page","link":"http:\/\/www.toolkit-thefeedback.eu\/sl\/your-experience\/","title":{"rendered":"Va\u0161a izku\u0161nja"},"content":{"rendered":"\n<h2 class=\"wp-block-heading\">Delite svojo izku\u0161njo!<\/h2>\n\n\n\n<div class=\"wp-block-columns has-2-columns is-layout-flex wp-container-core-columns-is-layout-9d6595d7 wp-block-columns-is-layout-flex\">\n<div class=\"wp-block-column is-layout-flow wp-block-column-is-layout-flow\">\n<h3 class=\"wp-block-heading\">O va\u0161i izku\u0161nji<\/h3>\n\n\n\n<p>Ste \u017ee preizkusili nekaj Feedback v orodju? Povejte nam ve\u010d o svoji izku\u0161nji. Traja 5 minut!<\/p>\n\n\n\n<div class=\"wp-block-button aligncenter\"><a target=\"_blank\" class=\"wp-block-button__link\" href=\"https:\/\/forms.gle\/kEdDBBDCwD4BZupL7\" rel=\"noopener noreferrer\">Deli svojo izku\u0161njo<\/a><\/div>\n<\/div>\n\n\n\n<div class=\"wp-block-column is-layout-flow wp-block-column-is-layout-flow\">\n<h3 class=\"wp-block-heading\">O va\u0161ih aktivnostih<\/h3>\n\n\n\n<p>Ste zasnovali lastno aktivnost povratne informacije z uporabo umetnosti? Prosim, delite jo z nami! Va\u0161e ideje so dragocene!<\/p>\n\n\n\n<div class=\"wp-block-button aligncenter\"><a target=\"_blank\" class=\"wp-block-button__link\" href=\"https:\/\/forms.gle\/ozVb3dCDQWaEtKfFA\" rel=\"noopener noreferrer\">Deli svojo aktivnost<\/a><\/div>\n<\/div>\n<\/div>\n\n\n\n<h2 class=\"wp-block-heading\">Viri<\/h2>\n\n\n\n<p>Prenesite orodja za oblikovanje svojih aktivnosti posredovanja povratne informacije.<\/p>\n\n\n\n<div class=\"wp-block-columns has-2-columns is-layout-flex wp-container-core-columns-is-layout-9d6595d7 wp-block-columns-is-layout-flex\">\n<div class=\"wp-block-column is-layout-flow wp-block-column-is-layout-flow\">\n<h3 class=\"wp-block-heading\">Feedback pot<\/h3>\n\n\n\n<p>Na \u010dasovni premici nastavite dejavnosti, ki jih izvajate. Dolo\u010dite <strong>ime dejavnosti<\/strong> in njen glavni <strong>cilj<\/strong>. Dodate lahko toliko dejavnosti, kot jih potrebujete!<\/p>\n\n\n\n<figure class=\"wp-block-image\"><a href=\"http:\/\/www.toolkit-thefeedback.eu\/wp-content\/uploads\/feedback_journey.pdf\" target=\"_blank\" rel=\"noreferrer noopener\"><img loading=\"lazy\" decoding=\"async\" width=\"547\" height=\"386\" src=\"http:\/\/www.toolkit-thefeedback.eu\/wp-content\/uploads\/feedback_journey_preview.jpg\" alt=\"\" class=\"wp-image-461\" srcset=\"http:\/\/www.toolkit-thefeedback.eu\/wp-content\/uploads\/feedback_journey_preview.jpg 547w, http:\/\/www.toolkit-thefeedback.eu\/wp-content\/uploads\/feedback_journey_preview-300x212.jpg 300w\" sizes=\"auto, (max-width: 547px) 100vw, 547px\" \/><\/a><\/figure>\n\n\n\n<div class=\"wp-block-button aligncenter\"><a target=\"_blank\" alt=\"Download the Feedback Journey printable PDF\" class=\"wp-block-button__link\" href=\"http:\/\/www.toolkit-thefeedback.eu\/wp-content\/uploads\/feedback_journey.pdf\" rel=\"noopener noreferrer\">Prenesi<\/a><\/div>\n<\/div>\n\n\n\n<div class=\"wp-block-column is-layout-flow wp-block-column-is-layout-flow\">\n<h3 class=\"wp-block-heading\">Feedback okvir aktivnosti<\/h3>\n\n\n\n<p>Razvijte svojo dejavnost. Dolo\u010dite <strong>ime<\/strong> in <strong>cilj <\/strong>dejavnosti, vpletene <strong>igralce<\/strong> in <strong>velikost<\/strong> skupine, orodje in korake, ki jih boste uporabili za izvajanje dejavnosti. Dodajte nekaj <strong>nasvetov<\/strong> (\u010de obstajajo)!<\/p>\n\n\n\n<figure class=\"wp-block-image\"><a href=\"http:\/\/www.toolkit-thefeedback.eu\/wp-content\/uploads\/art-based_feedback_activity_frame.pdf\" target=\"_blank\" rel=\"noreferrer noopener\"><img loading=\"lazy\" decoding=\"async\" width=\"547\" height=\"376\" src=\"http:\/\/www.toolkit-thefeedback.eu\/wp-content\/uploads\/art_based_feddback_activity_frame_preview.jpg\" alt=\"\" class=\"wp-image-467\" srcset=\"http:\/\/www.toolkit-thefeedback.eu\/wp-content\/uploads\/art_based_feddback_activity_frame_preview.jpg 547w, http:\/\/www.toolkit-thefeedback.eu\/wp-content\/uploads\/art_based_feddback_activity_frame_preview-300x206.jpg 300w\" sizes=\"auto, (max-width: 547px) 100vw, 547px\" \/><\/a><\/figure>\n\n\n\n<div class=\"wp-block-button aligncenter\"><a class=\"wp-block-button__link\" target=\"_blank\" alt=\"Download the Feedback Activity Frame printable PDF\" href=\"http:\/\/www.toolkit-thefeedback.eu\/wp-content\/uploads\/art-based_feedback_activity_frame.pdf\" rel=\"noopener noreferrer\">Prenesi<\/a><\/div>\n<\/div>\n<\/div>\n\n\n\n<h3 class=\"wp-block-heading\">Feedback kartice<\/h3>\n\n\n\n<p>Poskusite eksperimentirati s povratnimi informacijami v svojem razredu! Prenesite razli\u010dico aktivnosti Feedback orodja, primerno za tisk, in jo uporabite skupaj s svojimi u\u010denci in sodelavci.<\/p>\n\n\n\n<figure class=\"wp-block-image size-large\"><img loading=\"lazy\" decoding=\"async\" width=\"1920\" height=\"629\" src=\"http:\/\/www.toolkit-thefeedback.eu\/wp-content\/uploads\/intro-cards-21-1920x629.jpg\" alt=\"\" class=\"wp-image-598\" srcset=\"http:\/\/www.toolkit-thefeedback.eu\/wp-content\/uploads\/intro-cards-21-1920x629.jpg 1920w, http:\/\/www.toolkit-thefeedback.eu\/wp-content\/uploads\/intro-cards-21-768x251.jpg 768w, http:\/\/www.toolkit-thefeedback.eu\/wp-content\/uploads\/intro-cards-21-1536x503.jpg 1536w, http:\/\/www.toolkit-thefeedback.eu\/wp-content\/uploads\/intro-cards-21-2048x671.jpg 2048w, http:\/\/www.toolkit-thefeedback.eu\/wp-content\/uploads\/intro-cards-21-300x98.jpg 300w, http:\/\/www.toolkit-thefeedback.eu\/wp-content\/uploads\/intro-cards-21-850x278.jpg 850w\" sizes=\"auto, (max-width: 1920px) 100vw, 1920px\" \/><\/figure>\n\n\n\n<div class=\"wp-block-button aligncenter\"><a target=\"_blank\" alt=\"Download the Feedback Cards printable PDF\" class=\"wp-block-button__link\" href=\"http:\/\/www.toolkit-thefeedback.eu\/wp-content\/uploads\/Toolkit-cards.pdf\" rel=\"noopener noreferrer\">Prenesi<\/a><\/div>\n","protected":false},"excerpt":{"rendered":"<p>Delite svojo izku\u0161njo! O va\u0161i izku\u0161nji Ste \u017ee preizkusili nekaj Feedback v orodju? Povejte nam ve\u010d o svoji izku\u0161nji. Traja 5 minut! Deli svojo izku\u0161njo O va\u0161ih aktivnostih Ste zasnovali lastno aktivnost povratne informacije z uporabo umetnosti? Prosim, delite jo z nami! Va\u0161e ideje so dragocene! Deli svojo aktivnost Viri Prenesite orodja za oblikovanje svojih&#8230;<\/p>\n","protected":false},"author":3,"featured_media":0,"parent":0,"menu_order":0,"comment_status":"closed","ping_status":"closed","template":"","meta":{"footnotes":""},"class_list":["post-429","page","type-page","status-publish","hentry"],"translation":{"provider":"WPGlobus","version":"3.0.2","language":"sl","enabled_languages":["en","it","sl","pt"],"languages":{"en":{"title":true,"content":true,"excerpt":false},"it":{"title":true,"content":true,"excerpt":false},"sl":{"title":true,"content":true,"excerpt":false},"pt":{"title":true,"content":true,"excerpt":false}}},"_links":{"self":[{"href":"http:\/\/www.toolkit-thefeedback.eu\/sl\/wp-json\/wp\/v2\/pages\/429","targetHints":{"allow":["GET"]}}],"collection":[{"href":"http:\/\/www.toolkit-thefeedback.eu\/sl\/wp-json\/wp\/v2\/pages"}],"about":[{"href":"http:\/\/www.toolkit-thefeedback.eu\/sl\/wp-json\/wp\/v2\/types\/page"}],"author":[{"embeddable":true,"href":"http:\/\/www.toolkit-thefeedback.eu\/sl\/wp-json\/wp\/v2\/users\/3"}],"replies":[{"embeddable":true,"href":"http:\/\/www.toolkit-thefeedback.eu\/sl\/wp-json\/wp\/v2\/comments?post=429"}],"version-history":[{"count":60,"href":"http:\/\/www.toolkit-thefeedback.eu\/sl\/wp-json\/wp\/v2\/pages\/429\/revisions"}],"predecessor-version":[{"id":795,"href":"http:\/\/www.toolkit-thefeedback.eu\/sl\/wp-json\/wp\/v2\/pages\/429\/revisions\/795"}],"wp:attachment":[{"href":"http:\/\/www.toolkit-thefeedback.eu\/sl\/wp-json\/wp\/v2\/media?parent=429"}],"curies":[{"name":"wp","href":"https:\/\/api.w.org\/{rel}","templated":true}]}}